{"id":130,"date":"2026-02-08T05:35:39","date_gmt":"2026-02-08T05:35:39","guid":{"rendered":"https:\/\/dkart.hr\/en\/?page_id=130"},"modified":"2026-02-08T17:08:05","modified_gmt":"2026-02-08T17:08:05","slug":"impressum","status":"publish","type":"page","link":"https:\/\/dkart.hr\/en\/impressum\/","title":{"rendered":"Impressum"},"content":{"rendered":"\t\t<div data-elementor-type=\"wp-page\" data-elementor-id=\"130\" class=\"elementor elementor-130\">\n\t\t\t\t<div class=\"elementor-element elementor-element-bdd568d e-flex e-con-boxed wpr-particle-no wpr-jarallax-no wpr-parallax-no wpr-sticky-section-no e-con e-parent\" data-id=\"bdd568d\" data-element_type=\"container\" data-e-type=\"container\" data-settings=\"{&quot;background_background&quot;:&quot;classic&quot;}\">\n\t\t\t\t\t<div class=\"e-con-inner\">\n\t\t<div class=\"elementor-element elementor-element-3bc651b e-con-full e-flex wpr-particle-no wpr-jarallax-no wpr-parallax-no wpr-sticky-section-no e-con e-child\" data-id=\"3bc651b\" data-element_type=\"container\" data-e-type=\"container\">\n\t\t\t\t<div class=\"elementor-element elementor-element-580033b elementor-icon-list--layout-inline elementor-align-center elementor-list-item-link-full_width elementor-widget elementor-widget-icon-list\" data-id=\"580033b\" data-element_type=\"widget\" data-e-type=\"widget\" data-widget_type=\"icon-list.default\">\n\t\t\t\t\t\t\t<ul class=\"elementor-icon-list-items elementor-inline-items\">\n\t\t\t\t\t\t\t<li class=\"elementor-icon-list-item elementor-inline-item\">\n\t\t\t\t\t\t\t\t\t\t\t<a href=\"https:\/\/dkart.hr\/en\/\">\n\n\t\t\t\t\t\t\t\t\t\t\t<span class=\"elementor-icon-list-text\">Naslovna<\/span>\n\t\t\t\t\t\t\t\t\t\t\t<\/a>\n\t\t\t\t\t\t\t\t\t<\/li>\n\t\t\t\t\t\t\t\t<li class=\"elementor-icon-list-item elementor-inline-item\">\n\t\t\t\t\t\t\t\t\t\t\t<span class=\"elementor-icon-list-icon\">\n\t\t\t\t\t\t\t<svg aria-hidden=\"true\" class=\"e-font-icon-svg e-fas-arrow-right\" viewBox=\"0 0 448 512\" xmlns=\"http:\/\/www.w3.org\/2000\/svg\"><path d=\"M190.5 66.9l22.2-22.2c9.4-9.4 24.6-9.4 33.9 0L441 239c9.4 9.4 9.4 24.6 0 33.9L246.6 467.3c-9.4 9.4-24.6 9.4-33.9 0l-22.2-22.2c-9.5-9.5-9.3-25 .4-34.3L311.4 296H24c-13.3 0-24-10.7-24-24v-32c0-13.3 10.7-24 24-24h287.4L190.9 101.2c-9.8-9.3-10-24.8-.4-34.3z\"><\/path><\/svg>\t\t\t\t\t\t<\/span>\n\t\t\t\t\t\t\t\t\t\t<span class=\"elementor-icon-list-text\">Impressum<\/span>\n\t\t\t\t\t\t\t\t\t<\/li>\n\t\t\t\t\t\t<\/ul>\n\t\t\t\t\t\t<\/div>\n\t\t\t\t<\/div>\n\t\t\t\t\t<\/div>\n\t\t\t\t<\/div>\n\t\t<div class=\"elementor-element elementor-element-abb23d0 e-flex e-con-boxed wpr-particle-no wpr-jarallax-no wpr-parallax-no wpr-sticky-section-no e-con e-parent\" data-id=\"abb23d0\" data-element_type=\"container\" data-e-type=\"container\">\n\t\t\t\t\t<div class=\"e-con-inner\">\n\t\t\t\t<div class=\"elementor-element elementor-element-a52a1d0 elementor-widget elementor-widget-text-editor\" data-id=\"a52a1d0\" data-element_type=\"widget\" data-e-type=\"widget\" data-widget_type=\"text-editor.default\">\n\t\t\t\t\t\t\t\t\t<h2>Impressum<\/h2><p><strong>DKArt, obrt za usluge<\/strong><br \/>Vlasnica: Dra\u017eena Andri\u0107<br \/>Ulica Vrila 7<br \/>Ka\u0161tel Su\u0107urac, Hrvatska<br \/>OIB: 64797243673<\/p><p><strong>Kontakt:<\/strong><br \/>Telefon: <a href=\"tel:+385977744540\">+385 97 774 4540<\/a><br \/>Email: <a href=\"mailto:info@dkart.hr\">info@dkart.hr<\/a><\/p><p><strong>Odgovorna osoba za sadr\u017eaj:<\/strong><br \/>Dra\u017eena Andri\u0107<\/p><p><strong>Napomena:<\/strong><br \/>Svi materijali, fotografije i tekstovi na ovoj web stranici su za\u0161ti\u0107eni autorskim pravima i ne smiju se reproducirati bez dopu\u0161tenja vlasnika.<\/p>\t\t\t\t\t\t\t\t<\/div>\n\t\t\t\t\t<\/div>\n\t\t\t\t<\/div>\n\t\t\t\t<\/div>\n\t\t","protected":false},"excerpt":{"rendered":"<p>Naslovna Impressum Impressum DKArt, obrt za uslugeVlasnica: Dra\u017eena Andri\u0107Ulica Vrila 7Ka\u0161tel Su\u0107urac, HrvatskaOIB: 64797243673 Kontakt:Telefon: +385 97 774 4540Email: info@dkart.hr Odgovorna osoba za sadr\u017eaj:Dra\u017eena Andri\u0107 Napomena:Svi materijali, fotografije i tekstovi na ovoj web stranici su za\u0161ti\u0107eni autorskim pravima i ne smiju se reproducirati bez dopu\u0161tenja vlasnika.<\/p>\n","protected":false},"author":1,"featured_media":0,"parent":0,"menu_order":0,"comment_status":"closed","ping_status":"closed","template":"","meta":{"footnotes":""},"class_list":["post-130","page","type-page","status-publish","hentry"],"_links":{"self":[{"href":"https:\/\/dkart.hr\/en\/wp-json\/wp\/v2\/pages\/130","targetHints":{"allow":["GET"]}}],"collection":[{"href":"https:\/\/dkart.hr\/en\/wp-json\/wp\/v2\/pages"}],"about":[{"href":"https:\/\/dkart.hr\/en\/wp-json\/wp\/v2\/types\/page"}],"author":[{"embeddable":true,"href":"https:\/\/dkart.hr\/en\/wp-json\/wp\/v2\/users\/1"}],"replies":[{"embeddable":true,"href":"https:\/\/dkart.hr\/en\/wp-json\/wp\/v2\/comments?post=130"}],"version-history":[{"count":13,"href":"https:\/\/dkart.hr\/en\/wp-json\/wp\/v2\/pages\/130\/revisions"}],"predecessor-version":[{"id":504,"href":"https:\/\/dkart.hr\/en\/wp-json\/wp\/v2\/pages\/130\/revisions\/504"}],"wp:attachment":[{"href":"https:\/\/dkart.hr\/en\/wp-json\/wp\/v2\/media?parent=130"}],"curies":[{"name":"wp","href":"https:\/\/api.w.org\/{rel}","templated":true}]}}